{"id":205,"date":"2022-07-17T17:06:37","date_gmt":"2022-07-17T16:06:37","guid":{"rendered":"https:\/\/www.barefoot-girls.net\/?page_id=205"},"modified":"2022-07-17T17:13:13","modified_gmt":"2022-07-17T16:13:13","slug":"terms-and-conditions","status":"publish","type":"page","link":"https:\/\/www.barefoot-girls.net\/it\/terms-and-conditions\/","title":{"rendered":"Termini e condizioni"},"content":{"rendered":"\n<p>Benvenuti in <em>Barefoot Girls &#8211; Ragazze a piedi nudi<\/em> (per brevit\u00e0, <em>Barefoot Girls<\/em> o <em>il Sito<\/em>). Se continuate a navigare e utilizzare questo sito web, accettate di rispettare e di essere vincolati dai seguenti termini e condizioni d&#8217;uso, che, insieme alla nostra policy sulla privacy, governano il rapporto tra <em>Barefoot Girls<\/em> e voi.<\/p>\n\n\n\n<p>Il termine <em>Barefoot Girls<\/em> o &#8216;noi&#8217; o &#8216;il Sito&#8217; si riferisce al proprietario del sito web. Il termine &#8216;tu&#8217; o &#8216;voi&#8217; si riferisce all&#8217;utente o visualizzatore del sito web. L&#8217;uso di questo sito web \u00e8 soggetto ai seguenti termini d&#8217;uso:<\/p>\n\n\n\n<ul class=\"wp-block-list\"><li>Il contenuto delle pagine di questo sito Web \u00e8 solo per informazioni generali. \u00c8 soggetto a modifiche senza preavviso.<\/li><li>N\u00e9 noi n\u00e9 terze parti forniamo alcuna garanzia in merito all&#8217;accuratezza, tempestivit\u00e0, completezza o idoneit\u00e0 delle informazioni e dei materiali trovati o offerti su questo sito Web per qualsiasi scopo particolare. L&#8217;utente riconosce che tali informazioni e materiali possono contenere imprecisioni o errori e noi escludiamo espressamente la responsabilit\u00e0 per tali inesattezze o errori nella misura massima consentita dalla legge.<\/li><li>L&#8217;utilizzo di qualsiasi informazione o materiale su questo sito Web \u00e8 interamente a proprio rischio, per il quale non saremo responsabili. Sar\u00e0 vostra responsabilit\u00e0 garantire che tutti i prodotti, servizi o informazioni disponibili attraverso questo sito web soddisfino le vostre esigenze specifiche.<\/li><li>This website contains material which is owned by or licensed to us. This material includes, but is not limited to, the design, layout, look, appearance and graphics. Reproduction is prohibited other than in accordance with the copyright notice, which forms part of these terms and conditions.<\/li><li>All trademarks reproduced in this website, which are not the property of, or licensed to the operator, are acknowledged on the website.<\/li><li>Unauthorized use of this website may give rise to a claim for damages and\/or be a criminal offense.<\/li><li>From time to time this website may also include links to other websites. These links are provided for your convenience to provide further information. They do not signify that we endorse the website(s). We have no responsibility for the content of the linked website(s).<\/li><li>You may not create a link to this website from another website or document without <em>Barefoot Girls<\/em>&#8216;s prior written consent.<\/li><\/ul>\n","protected":false},"excerpt":{"rendered":"<p>Benvenuti in Barefoot Girls &#8211; Ragazze a piedi nudi (per brevit\u00e0, Barefoot Girls o il Sito). Se continuate a navigare &hellip; <span class=\"more-button\"><a href=\"https:\/\/www.barefoot-girls.net\/it\/terms-and-conditions\/\" class=\"more-link\">Continue Reading<span class=\"screen-reader-text\">Termini e condizioni<\/span><\/a><\/span><\/p>\n","protected":false},"author":1,"featured_media":0,"parent":0,"menu_order":0,"comment_status":"closed","ping_status":"closed","template":"","meta":{"ngg_post_thumbnail":0,"_locale":"it_IT","_original_post":"https:\/\/www.barefoot-girls.net\/terms-and-conditions\/","footnotes":""},"class_list":["post-205","page","type-page","status-publish","hentry","it-IT"],"yoast_head":"<!-- This site is optimized with the Yoast SEO plugin v27.4 - https:\/\/yoast.com\/product\/yoast-seo-wordpress\/ -->\n<title>Termini e condizioni - Barefoot Girls<\/title>\n<meta name=\"robots\" content=\"index, follow, max-snippet:-1, max-image-preview:large, max-video-preview:-1\" \/>\n<link rel=\"canonical\" href=\"https:\/\/www.barefoot-girls.net\/it\/terms-and-conditions\/\" \/>\n<meta property=\"og:locale\" content=\"it_IT\" \/>\n<meta property=\"og:type\" content=\"article\" \/>\n<meta property=\"og:title\" content=\"Termini e condizioni - Barefoot Girls\" \/>\n<meta property=\"og:description\" content=\"Benvenuti in Barefoot Girls &#8211; Ragazze a piedi nudi (per brevit\u00e0, Barefoot Girls o il Sito). Se continuate a navigare &hellip; Continue ReadingTermini e condizioni\" \/>\n<meta property=\"og:url\" content=\"https:\/\/www.barefoot-girls.net\/it\/terms-and-conditions\/\" \/>\n<meta property=\"og:site_name\" content=\"Barefoot Girls\" \/>\n<meta property=\"article:publisher\" content=\"http:\/\/www.facebook.com\/pages\/Barefoot-Girls\/1533463850224759\" \/>\n<meta property=\"article:modified_time\" content=\"2022-07-17T16:13:13+00:00\" \/>\n<meta name=\"twitter:card\" content=\"summary_large_image\" \/>\n<meta name=\"twitter:site\" content=\"@bftgirls\" \/>\n<meta name=\"twitter:label1\" content=\"Tempo di lettura stimato\" \/>\n\t<meta name=\"twitter:data1\" content=\"2 minuti\" \/>\n<script type=\"application\/ld+json\" class=\"yoast-schema-graph\">{\"@context\":\"https:\\\/\\\/schema.org\",\"@graph\":[{\"@type\":\"WebPage\",\"@id\":\"https:\\\/\\\/www.barefoot-girls.net\\\/it\\\/terms-and-conditions\\\/\",\"url\":\"https:\\\/\\\/www.barefoot-girls.net\\\/it\\\/terms-and-conditions\\\/\",\"name\":\"Termini e condizioni - Barefoot Girls\",\"isPartOf\":{\"@id\":\"https:\\\/\\\/www.barefoot-girls.net\\\/#website\"},\"datePublished\":\"2022-07-17T16:06:37+00:00\",\"dateModified\":\"2022-07-17T16:13:13+00:00\",\"breadcrumb\":{\"@id\":\"https:\\\/\\\/www.barefoot-girls.net\\\/it\\\/terms-and-conditions\\\/#breadcrumb\"},\"inLanguage\":\"it-IT\",\"potentialAction\":[{\"@type\":\"ReadAction\",\"target\":[\"https:\\\/\\\/www.barefoot-girls.net\\\/it\\\/terms-and-conditions\\\/\"]}]},{\"@type\":\"BreadcrumbList\",\"@id\":\"https:\\\/\\\/www.barefoot-girls.net\\\/it\\\/terms-and-conditions\\\/#breadcrumb\",\"itemListElement\":[{\"@type\":\"ListItem\",\"position\":1,\"name\":\"Home\",\"item\":\"https:\\\/\\\/www.barefoot-girls.net\\\/it\\\/\"},{\"@type\":\"ListItem\",\"position\":2,\"name\":\"Termini e condizioni\"}]},{\"@type\":\"WebSite\",\"@id\":\"https:\\\/\\\/www.barefoot-girls.net\\\/#website\",\"url\":\"https:\\\/\\\/www.barefoot-girls.net\\\/\",\"name\":\"Barefoot Girls\",\"description\":\"A classy site on the beauty of female bare feet\",\"potentialAction\":[{\"@type\":\"SearchAction\",\"target\":{\"@type\":\"EntryPoint\",\"urlTemplate\":\"https:\\\/\\\/www.barefoot-girls.net\\\/?s={search_term_string}\"},\"query-input\":{\"@type\":\"PropertyValueSpecification\",\"valueRequired\":true,\"valueName\":\"search_term_string\"}}],\"inLanguage\":\"it-IT\"}]}<\/script>\n<!-- \/ Yoast SEO plugin. -->","yoast_head_json":{"title":"Termini e condizioni - Barefoot Girls","robots":{"index":"index","follow":"follow","max-snippet":"max-snippet:-1","max-image-preview":"max-image-preview:large","max-video-preview":"max-video-preview:-1"},"canonical":"https:\/\/www.barefoot-girls.net\/it\/terms-and-conditions\/","og_locale":"it_IT","og_type":"article","og_title":"Termini e condizioni - Barefoot Girls","og_description":"Benvenuti in Barefoot Girls &#8211; Ragazze a piedi nudi (per brevit\u00e0, Barefoot Girls o il Sito). Se continuate a navigare &hellip; Continue ReadingTermini e condizioni","og_url":"https:\/\/www.barefoot-girls.net\/it\/terms-and-conditions\/","og_site_name":"Barefoot Girls","article_publisher":"http:\/\/www.facebook.com\/pages\/Barefoot-Girls\/1533463850224759","article_modified_time":"2022-07-17T16:13:13+00:00","twitter_card":"summary_large_image","twitter_site":"@bftgirls","twitter_misc":{"Tempo di lettura stimato":"2 minuti"},"schema":{"@context":"https:\/\/schema.org","@graph":[{"@type":"WebPage","@id":"https:\/\/www.barefoot-girls.net\/it\/terms-and-conditions\/","url":"https:\/\/www.barefoot-girls.net\/it\/terms-and-conditions\/","name":"Termini e condizioni - Barefoot Girls","isPartOf":{"@id":"https:\/\/www.barefoot-girls.net\/#website"},"datePublished":"2022-07-17T16:06:37+00:00","dateModified":"2022-07-17T16:13:13+00:00","breadcrumb":{"@id":"https:\/\/www.barefoot-girls.net\/it\/terms-and-conditions\/#breadcrumb"},"inLanguage":"it-IT","potentialAction":[{"@type":"ReadAction","target":["https:\/\/www.barefoot-girls.net\/it\/terms-and-conditions\/"]}]},{"@type":"BreadcrumbList","@id":"https:\/\/www.barefoot-girls.net\/it\/terms-and-conditions\/#breadcrumb","itemListElement":[{"@type":"ListItem","position":1,"name":"Home","item":"https:\/\/www.barefoot-girls.net\/it\/"},{"@type":"ListItem","position":2,"name":"Termini e condizioni"}]},{"@type":"WebSite","@id":"https:\/\/www.barefoot-girls.net\/#website","url":"https:\/\/www.barefoot-girls.net\/","name":"Barefoot Girls","description":"A classy site on the beauty of female bare feet","potentialAction":[{"@type":"SearchAction","target":{"@type":"EntryPoint","urlTemplate":"https:\/\/www.barefoot-girls.net\/?s={search_term_string}"},"query-input":{"@type":"PropertyValueSpecification","valueRequired":true,"valueName":"search_term_string"}}],"inLanguage":"it-IT"}]}},"_links":{"self":[{"href":"https:\/\/www.barefoot-girls.net\/wp-json\/wp\/v2\/pages\/205","targetHints":{"allow":["GET"]}}],"collection":[{"href":"https:\/\/www.barefoot-girls.net\/wp-json\/wp\/v2\/pages"}],"about":[{"href":"https:\/\/www.barefoot-girls.net\/wp-json\/wp\/v2\/types\/page"}],"author":[{"embeddable":true,"href":"https:\/\/www.barefoot-girls.net\/wp-json\/wp\/v2\/users\/1"}],"replies":[{"embeddable":true,"href":"https:\/\/www.barefoot-girls.net\/wp-json\/wp\/v2\/comments?post=205"}],"version-history":[{"count":3,"href":"https:\/\/www.barefoot-girls.net\/wp-json\/wp\/v2\/pages\/205\/revisions"}],"predecessor-version":[{"id":210,"href":"https:\/\/www.barefoot-girls.net\/wp-json\/wp\/v2\/pages\/205\/revisions\/210"}],"wp:attachment":[{"href":"https:\/\/www.barefoot-girls.net\/wp-json\/wp\/v2\/media?parent=205"}],"curies":[{"name":"wp","href":"https:\/\/api.w.org\/{rel}","templated":true}]}}