{"id":96,"date":"2022-05-29T16:32:12","date_gmt":"2022-05-29T15:32:12","guid":{"rendered":"https:\/\/www.barefoot-girls.net\/?page_id=96"},"modified":"2022-08-19T17:14:47","modified_gmt":"2022-08-19T15:14:47","slug":"about","status":"publish","type":"page","link":"https:\/\/www.barefoot-girls.net\/it\/about\/","title":{"rendered":"Info"},"content":{"rendered":"\n<h2 class=\"wp-block-heading\" id=\"the-feet\">I&#8230; piedi??<\/h2>\n\n\n\n<p>Sono <strong>iftlover<\/strong> (<em>Italian Foot Lover<\/em>) e penso che i <strong>piedi nudi femminili<\/strong> siano estremamente sexy: non solo perch\u00e9 hanno forme sinuose ed attraenti, ma anche perch\u00e9 aggiungono un tocco speciale alla bellezza naturale di una donna.<\/p>\n\n\n\n<h2 class=\"wp-block-heading\" id=\"goals\">Obiettivi<\/h2>\n\n\n\n<p>Questo sito, da sempre gratuito, \u00e8 dedicato alla <strong>bellezza femminile<\/strong>, con particolare riguardo ai <strong>piedi nudi<\/strong> ed a quel fascino speciale che possono suscitare.<\/p>\n\n\n\n<p>Mi sforzo di trattare questo tema con il <strong>buon gusto<\/strong> che merita: infatti, molti altri siti lo usano come pretesto per mostrare nudit\u00e0 hardcore gratuita (e non solo in senso monetario), insinuando cos\u00ec che avere un <em>foot fetish<\/em> sia una pratica da considerarsi hardcore. Beh, sorpresa sorpresa, non lo \u00e8!<\/p>\n\n\n\n<p>Infatti, tramite questo sito vorrei trasmettere il messaggio che avere un <em>foot fetish<\/em> \u00e8 perfettamente normale. Vedo che, purtroppo, ci sono ancora molti preconcetti e falsi miti al riguardo. Spero di contribuire a sfatarli ed essere cos\u00ec d&#8217;aiuto a chi voglia vivere e condividere in piena tranquillit\u00e0 questa passione, soprattutto all&#8217;interno di un rapporto di coppia.<\/p>\n\n\n\n<p>Infine, e non mi stancher\u00f2 mai di sottolinearlo, su questo sito non sono n\u00e9 saranno mai presenti immagini di minorenni!<\/p>\n\n\n\n<h2 class=\"wp-block-heading\" id=\"a-brief-history\">Breve storia<\/h2>\n\n\n\n<p>Iniziai questo progetto alla fine del 1998 con un sito ospitato su <a href=\"https:\/\/en.wikipedia.org\/wiki\/Yahoo!_GeoCities\">Geocities<\/a> (qualcuno se ne ricorda? Se s\u00ec: &#8220;I was there, 3000 years ago&#8230;&#8221;). Da l\u00ec ho in seguito spostato il sito sul suo dominio www.barefoot-girls.net nel 2004 e, dopo molti anni di hosting condiviso, ho deciso di ospitarlo su un server tutto mio a partire dal 2019.<\/p>\n\n\n\n<p>In tutti questi anni ho cercato di aggiornare il sito, con gli inevitabili alti e bassi. Non c&#8217;\u00e8 nessun business, nessuno scopo di lucro: si tratta solamente di me, che gestisco il sito nel mio tempo libero, condividendo questa passione con altri amanti dei piedini femminili come voi.<\/p>\n\n\n\n<ul class=\"wp-block-list\"><li>La primissima versione del sito su Geocities <a href=\"https:\/\/web.archive.org\/web\/19990828200007\/http:\/\/www.geocities.com\/Vienna\/6492\/\" target=\"_blank\" rel=\"noreferrer noopener\">a fine 1999<\/a>!<\/li><li>Il sito dopo la migrazione sul suo dominio <a href=\"https:\/\/web.archive.org\/web\/20040325051228\/http:\/\/www.barefoot-girls.net\/\" target=\"_blank\" rel=\"noreferrer noopener\">a marzo 2004<\/a><\/li><li>Il sito <a href=\"https:\/\/web.archive.org\/web\/20211220191620\/http:\/\/www.barefoot-girls.net\/\" target=\"_blank\" rel=\"noreferrer noopener\">a fine 2021<\/a><\/li><\/ul>\n\n\n\n<h2 class=\"wp-block-heading\" id=\"the-author\">L&#8217;autore<\/h2>\n\n\n\n<div class=\"wp-block-media-text alignwide has-media-on-the-right is-stacked-on-mobile\" style=\"grid-template-columns:auto 35%\"><figure class=\"wp-block-media-text__media\"><img loading=\"lazy\" decoding=\"async\" width=\"200\" height=\"300\" src=\"https:\/\/www.barefoot-girls.net\/wp-content\/uploads\/2022\/08\/pexels-nuta-sorokina-8514313-200x300.jpg\" alt=\"\" class=\"wp-image-498 size-medium\" srcset=\"https:\/\/www.barefoot-girls.net\/wp-content\/uploads\/2022\/08\/pexels-nuta-sorokina-8514313-200x300.jpg 200w, https:\/\/www.barefoot-girls.net\/wp-content\/uploads\/2022\/08\/pexels-nuta-sorokina-8514313-683x1024.jpg 683w, https:\/\/www.barefoot-girls.net\/wp-content\/uploads\/2022\/08\/pexels-nuta-sorokina-8514313-768x1152.jpg 768w, https:\/\/www.barefoot-girls.net\/wp-content\/uploads\/2022\/08\/pexels-nuta-sorokina-8514313-1024x1536.jpg 1024w, https:\/\/www.barefoot-girls.net\/wp-content\/uploads\/2022\/08\/pexels-nuta-sorokina-8514313-1365x2048.jpg 1365w, https:\/\/www.barefoot-girls.net\/wp-content\/uploads\/2022\/08\/pexels-nuta-sorokina-8514313-scaled.jpg 1707w\" sizes=\"auto, (max-width: 200px) 100vw, 200px\" \/><\/figure><div class=\"wp-block-media-text__content\">\n<ul class=\"wp-block-list\"><li>Nickname: iftlover (Italian Foot Lover)<\/li><li>Noto anche come: theposelover<\/li><li>Luogo &amp; Et\u00e0: Italia, 40-45<\/li><li>Occupazione: Ricerca &amp; Sviluppo<\/li><li>Questa passione per le ragazze a piedi nudi \u00e8 stata con me fin da quando ero molto pi\u00f9 giovane. Pensavo fosse una &#8220;stranezza&#8221; mia, e solo nel 1996 ho scoperto, grazie ad internet, che in realt\u00e0 moltissime altre persone hanno questa passione! Assomiglia alla vostra esperienza?<\/li><\/ul>\n\n\n\n<p class=\"has-small-font-size\">Immagine a destra: pexels.com (Nuta Sorokina)<\/p>\n<\/div><\/div>\n","protected":false},"excerpt":{"rendered":"<p>I&#8230; piedi?? Sono iftlover (Italian Foot Lover) e penso che i piedi nudi femminili siano estremamente sexy: non solo perch\u00e9 &hellip; <span class=\"more-button\"><a href=\"https:\/\/www.barefoot-girls.net\/it\/about\/\" class=\"more-link\">Continue Reading<span class=\"screen-reader-text\">Info<\/span><\/a><\/span><\/p>\n","protected":false},"author":1,"featured_media":109,"parent":0,"menu_order":0,"comment_status":"closed","ping_status":"closed","template":"","meta":{"ngg_post_thumbnail":0,"_locale":"it_IT","_original_post":"https:\/\/www.barefoot-girls.net\/?page_id=31","footnotes":""},"class_list":["post-96","page","type-page","status-publish","has-post-thumbnail","hentry","it-IT"],"yoast_head":"<!-- This site is optimized with the Yoast SEO plugin v27.5 - https:\/\/yoast.com\/product\/yoast-seo-wordpress\/ -->\n<title>Info - Barefoot Girls<\/title>\n<meta name=\"robots\" content=\"index, follow, max-snippet:-1, max-image-preview:large, max-video-preview:-1\" \/>\n<link rel=\"canonical\" href=\"https:\/\/www.barefoot-girls.net\/it\/about\/\" \/>\n<meta property=\"og:locale\" content=\"it_IT\" \/>\n<meta property=\"og:type\" content=\"article\" \/>\n<meta property=\"og:title\" content=\"Info - Barefoot Girls\" \/>\n<meta property=\"og:description\" content=\"I&#8230; piedi?? Sono iftlover (Italian Foot Lover) e penso che i piedi nudi femminili siano estremamente sexy: non solo perch\u00e9 &hellip; Continue ReadingInfo\" \/>\n<meta property=\"og:url\" content=\"https:\/\/www.barefoot-girls.net\/it\/about\/\" \/>\n<meta property=\"og:site_name\" content=\"Barefoot Girls\" \/>\n<meta property=\"article:publisher\" content=\"http:\/\/www.facebook.com\/pages\/Barefoot-Girls\/1533463850224759\" \/>\n<meta property=\"article:modified_time\" content=\"2022-08-19T15:14:47+00:00\" \/>\n<meta property=\"og:image\" content=\"https:\/\/www.barefoot-girls.net\/wp-content\/uploads\/2022\/05\/pexels-artem-podrez-4492198-copy-scaled-e1653840746597.jpeg\" \/>\n\t<meta property=\"og:image:width\" content=\"2035\" \/>\n\t<meta property=\"og:image:height\" content=\"1094\" \/>\n\t<meta property=\"og:image:type\" content=\"image\/jpeg\" \/>\n<meta name=\"twitter:card\" content=\"summary_large_image\" \/>\n<meta name=\"twitter:site\" content=\"@bftgirls\" \/>\n<meta name=\"twitter:label1\" content=\"Tempo di lettura stimato\" \/>\n\t<meta name=\"twitter:data1\" content=\"2 minuti\" \/>\n<script type=\"application\/ld+json\" class=\"yoast-schema-graph\">{\"@context\":\"https:\\\/\\\/schema.org\",\"@graph\":[{\"@type\":\"WebPage\",\"@id\":\"https:\\\/\\\/www.barefoot-girls.net\\\/it\\\/about\\\/\",\"url\":\"https:\\\/\\\/www.barefoot-girls.net\\\/it\\\/about\\\/\",\"name\":\"Info - Barefoot Girls\",\"isPartOf\":{\"@id\":\"https:\\\/\\\/www.barefoot-girls.net\\\/#website\"},\"primaryImageOfPage\":{\"@id\":\"https:\\\/\\\/www.barefoot-girls.net\\\/it\\\/about\\\/#primaryimage\"},\"image\":{\"@id\":\"https:\\\/\\\/www.barefoot-girls.net\\\/it\\\/about\\\/#primaryimage\"},\"thumbnailUrl\":\"https:\\\/\\\/www.barefoot-girls.net\\\/wp-content\\\/uploads\\\/2022\\\/05\\\/pexels-artem-podrez-4492198-copy-scaled-e1653840746597.jpeg\",\"datePublished\":\"2022-05-29T15:32:12+00:00\",\"dateModified\":\"2022-08-19T15:14:47+00:00\",\"breadcrumb\":{\"@id\":\"https:\\\/\\\/www.barefoot-girls.net\\\/it\\\/about\\\/#breadcrumb\"},\"inLanguage\":\"it-IT\",\"potentialAction\":[{\"@type\":\"ReadAction\",\"target\":[\"https:\\\/\\\/www.barefoot-girls.net\\\/it\\\/about\\\/\"]}]},{\"@type\":\"ImageObject\",\"inLanguage\":\"it-IT\",\"@id\":\"https:\\\/\\\/www.barefoot-girls.net\\\/it\\\/about\\\/#primaryimage\",\"url\":\"https:\\\/\\\/www.barefoot-girls.net\\\/wp-content\\\/uploads\\\/2022\\\/05\\\/pexels-artem-podrez-4492198-copy-scaled-e1653840746597.jpeg\",\"contentUrl\":\"https:\\\/\\\/www.barefoot-girls.net\\\/wp-content\\\/uploads\\\/2022\\\/05\\\/pexels-artem-podrez-4492198-copy-scaled-e1653840746597.jpeg\",\"width\":2035,\"height\":1094},{\"@type\":\"BreadcrumbList\",\"@id\":\"https:\\\/\\\/www.barefoot-girls.net\\\/it\\\/about\\\/#breadcrumb\",\"itemListElement\":[{\"@type\":\"ListItem\",\"position\":1,\"name\":\"Home\",\"item\":\"https:\\\/\\\/www.barefoot-girls.net\\\/it\\\/\"},{\"@type\":\"ListItem\",\"position\":2,\"name\":\"Info\"}]},{\"@type\":\"WebSite\",\"@id\":\"https:\\\/\\\/www.barefoot-girls.net\\\/#website\",\"url\":\"https:\\\/\\\/www.barefoot-girls.net\\\/\",\"name\":\"Barefoot Girls\",\"description\":\"A classy site on the beauty of female bare feet\",\"potentialAction\":[{\"@type\":\"SearchAction\",\"target\":{\"@type\":\"EntryPoint\",\"urlTemplate\":\"https:\\\/\\\/www.barefoot-girls.net\\\/?s={search_term_string}\"},\"query-input\":{\"@type\":\"PropertyValueSpecification\",\"valueRequired\":true,\"valueName\":\"search_term_string\"}}],\"inLanguage\":\"it-IT\"}]}<\/script>\n<!-- \/ Yoast SEO plugin. -->","yoast_head_json":{"title":"Info - Barefoot Girls","robots":{"index":"index","follow":"follow","max-snippet":"max-snippet:-1","max-image-preview":"max-image-preview:large","max-video-preview":"max-video-preview:-1"},"canonical":"https:\/\/www.barefoot-girls.net\/it\/about\/","og_locale":"it_IT","og_type":"article","og_title":"Info - Barefoot Girls","og_description":"I&#8230; piedi?? Sono iftlover (Italian Foot Lover) e penso che i piedi nudi femminili siano estremamente sexy: non solo perch\u00e9 &hellip; Continue ReadingInfo","og_url":"https:\/\/www.barefoot-girls.net\/it\/about\/","og_site_name":"Barefoot Girls","article_publisher":"http:\/\/www.facebook.com\/pages\/Barefoot-Girls\/1533463850224759","article_modified_time":"2022-08-19T15:14:47+00:00","og_image":[{"width":2035,"height":1094,"url":"https:\/\/www.barefoot-girls.net\/wp-content\/uploads\/2022\/05\/pexels-artem-podrez-4492198-copy-scaled-e1653840746597.jpeg","type":"image\/jpeg"}],"twitter_card":"summary_large_image","twitter_site":"@bftgirls","twitter_misc":{"Tempo di lettura stimato":"2 minuti"},"schema":{"@context":"https:\/\/schema.org","@graph":[{"@type":"WebPage","@id":"https:\/\/www.barefoot-girls.net\/it\/about\/","url":"https:\/\/www.barefoot-girls.net\/it\/about\/","name":"Info - Barefoot Girls","isPartOf":{"@id":"https:\/\/www.barefoot-girls.net\/#website"},"primaryImageOfPage":{"@id":"https:\/\/www.barefoot-girls.net\/it\/about\/#primaryimage"},"image":{"@id":"https:\/\/www.barefoot-girls.net\/it\/about\/#primaryimage"},"thumbnailUrl":"https:\/\/www.barefoot-girls.net\/wp-content\/uploads\/2022\/05\/pexels-artem-podrez-4492198-copy-scaled-e1653840746597.jpeg","datePublished":"2022-05-29T15:32:12+00:00","dateModified":"2022-08-19T15:14:47+00:00","breadcrumb":{"@id":"https:\/\/www.barefoot-girls.net\/it\/about\/#breadcrumb"},"inLanguage":"it-IT","potentialAction":[{"@type":"ReadAction","target":["https:\/\/www.barefoot-girls.net\/it\/about\/"]}]},{"@type":"ImageObject","inLanguage":"it-IT","@id":"https:\/\/www.barefoot-girls.net\/it\/about\/#primaryimage","url":"https:\/\/www.barefoot-girls.net\/wp-content\/uploads\/2022\/05\/pexels-artem-podrez-4492198-copy-scaled-e1653840746597.jpeg","contentUrl":"https:\/\/www.barefoot-girls.net\/wp-content\/uploads\/2022\/05\/pexels-artem-podrez-4492198-copy-scaled-e1653840746597.jpeg","width":2035,"height":1094},{"@type":"BreadcrumbList","@id":"https:\/\/www.barefoot-girls.net\/it\/about\/#breadcrumb","itemListElement":[{"@type":"ListItem","position":1,"name":"Home","item":"https:\/\/www.barefoot-girls.net\/it\/"},{"@type":"ListItem","position":2,"name":"Info"}]},{"@type":"WebSite","@id":"https:\/\/www.barefoot-girls.net\/#website","url":"https:\/\/www.barefoot-girls.net\/","name":"Barefoot Girls","description":"A classy site on the beauty of female bare feet","potentialAction":[{"@type":"SearchAction","target":{"@type":"EntryPoint","urlTemplate":"https:\/\/www.barefoot-girls.net\/?s={search_term_string}"},"query-input":{"@type":"PropertyValueSpecification","valueRequired":true,"valueName":"search_term_string"}}],"inLanguage":"it-IT"}]}},"_links":{"self":[{"href":"https:\/\/www.barefoot-girls.net\/wp-json\/wp\/v2\/pages\/96","targetHints":{"allow":["GET"]}}],"collection":[{"href":"https:\/\/www.barefoot-girls.net\/wp-json\/wp\/v2\/pages"}],"about":[{"href":"https:\/\/www.barefoot-girls.net\/wp-json\/wp\/v2\/types\/page"}],"author":[{"embeddable":true,"href":"https:\/\/www.barefoot-girls.net\/wp-json\/wp\/v2\/users\/1"}],"replies":[{"embeddable":true,"href":"https:\/\/www.barefoot-girls.net\/wp-json\/wp\/v2\/comments?post=96"}],"version-history":[{"count":9,"href":"https:\/\/www.barefoot-girls.net\/wp-json\/wp\/v2\/pages\/96\/revisions"}],"predecessor-version":[{"id":523,"href":"https:\/\/www.barefoot-girls.net\/wp-json\/wp\/v2\/pages\/96\/revisions\/523"}],"wp:featuredmedia":[{"embeddable":true,"href":"https:\/\/www.barefoot-girls.net\/wp-json\/wp\/v2\/media\/109"}],"wp:attachment":[{"href":"https:\/\/www.barefoot-girls.net\/wp-json\/wp\/v2\/media?parent=96"}],"curies":[{"name":"wp","href":"https:\/\/api.w.org\/{rel}","templated":true}]}}